{"id":138,"date":"2023-04-14T12:21:03","date_gmt":"2023-04-14T10:21:03","guid":{"rendered":"http:\/\/3potes1pot.com\/?page_id=138"},"modified":"2023-04-14T15:14:20","modified_gmt":"2023-04-14T13:14:20","slug":"les-miels","status":"publish","type":"page","link":"https:\/\/3potes1pot.com\/index.php\/les-miels\/","title":{"rendered":"LES MIELS"},"content":{"rendered":"\t\t<div data-elementor-type=\"wp-page\" data-elementor-id=\"138\" class=\"elementor elementor-138\">\n\t\t\t\t\t\t\t\t\t<section class=\"elementor-section elementor-top-section elementor-element elementor-element-d11e4bc elementor-section-boxed elementor-section-height-default elementor-section-height-default\" data-id=\"d11e4bc\" data-element_type=\"section\">\n\t\t\t\t\t\t<div class=\"elementor-container elementor-column-gap-default\">\n\t\t\t\t\t<div class=\"elementor-column elementor-col-66 elementor-top-column elementor-element elementor-element-c8fa9c0\" data-id=\"c8fa9c0\" data-element_type=\"column\">\n\t\t\t<div class=\"elementor-widget-wrap elementor-element-populated\">\n\t\t\t\t\t\t\t\t<div class=\"elementor-element elementor-element-b3372dd elementor-widget elementor-widget-text-editor\" data-id=\"b3372dd\" data-element_type=\"widget\" data-widget_type=\"text-editor.default\">\n\t\t\t\t<div class=\"elementor-widget-container\">\n\t\t\t<style>\/*! elementor - v3.7.2 - 21-08-2022 *\/\n.elementor-widget-text-editor.elementor-drop-cap-view-stacked .elementor-drop-cap{background-color:#818a91;color:#fff}.elementor-widget-text-editor.elementor-drop-cap-view-framed .elementor-drop-cap{color:#818a91;border:3px solid;background-color:transparent}.elementor-widget-text-editor:not(.elementor-drop-cap-view-default) .elementor-drop-cap{margin-top:8px}.elementor-widget-text-editor:not(.elementor-drop-cap-view-default) .elementor-drop-cap-letter{width:1em;height:1em}.elementor-widget-text-editor .elementor-drop-cap{float:left;text-align:center;line-height:1;font-size:50px}.elementor-widget-text-editor .elementor-drop-cap-letter{display:inline-block}<\/style>\t\t\t\t<p style=\"color: #000000; font-family: Helvetica; text-size-adjust: auto; margin-bottom: 0px; font-stretch: normal; font-size: 18.2px; line-height: normal;\"><span style=\"font-family: UICTFontTextStyleBody; font-size: 18.24px;\">Le miel d&#8217;acacia : C&#8217;est le miel des amoureux, le miel qui te fait voir la vie en rose. Avec sa couleur claire et sa texture liquide, il est doux et d\u00e9licat. Les abeilles qui butinent les fleurs d&#8217;acacia sont des romantiques, elles savent comment trouver les fleurs les plus parfum\u00e9es et les plus douces pour produire ce miel de r\u00eave. Si tu cherches un miel pour t&#8217;accompagner lors de tes soir\u00e9es romantiques, le miel d&#8217;acacia est fait pour toi. Il\u00a0<\/span><span style=\"font-family: UICTFontTextStyleBody; font-size: 18.24px; font-weight: var( --e-global-typography-text-font-weight );\">est parfait pour sucrer tes tisanes, tes yaourts ou m\u00eame tes cocktails. Et en plus, il a des propri\u00e9t\u00e9s apaisantes qui te feront fondre de bonheur.<\/span><\/p>\t\t\t\t\t\t<\/div>\n\t\t\t\t<\/div>\n\t\t\t\t\t<\/div>\n\t\t<\/div>\n\t\t\t\t<div class=\"elementor-column elementor-col-33 elementor-top-column elementor-element elementor-element-8ac0c5e\" data-id=\"8ac0c5e\" data-element_type=\"column\">\n\t\t\t<div class=\"elementor-widget-wrap elementor-element-populated\">\n\t\t\t\t\t\t\t\t<div class=\"elementor-element elementor-element-3aa9042 elementor-widget elementor-widget-wpzoom-elementor-addons-image-box\" data-id=\"3aa9042\" data-element_type=\"widget\" data-widget_type=\"wpzoom-elementor-addons-image-box.default\">\n\t\t\t\t<div class=\"elementor-widget-container\">\n\t\t\t\t\t<div class=\"wpzoom-elementor-addons-image-box\">\n\t\t\t<h3>\n\t\t\t\t<span class=\"wpzoom-elementor-addons-image-box-link not-linked has-image\" style=\"background-image:url('https:\/\/3potes1pot.com\/wp-content\/uploads\/2022\/08\/MG_5248-scaled.jpg');\"><span><strong>ACACIA<\/strong><\/span><\/span>\t\t\t<\/h3>\n\t\t<\/div><!-- \/\/.wpzoom-elementor-addons-image-box -->\n\t\t\t\t<\/div>\n\t\t\t\t<\/div>\n\t\t\t\t\t<\/div>\n\t\t<\/div>\n\t\t\t\t\t\t\t<\/div>\n\t\t<\/section>\n\t\t\t\t<section class=\"elementor-section elementor-top-section elementor-element elementor-element-502fc8e elementor-section-boxed elementor-section-height-default elementor-section-height-default\" data-id=\"502fc8e\" data-element_type=\"section\">\n\t\t\t\t\t\t<div class=\"elementor-container elementor-column-gap-default\">\n\t\t\t\t\t<div class=\"elementor-column elementor-col-33 elementor-top-column elementor-element elementor-element-fb3c1f8\" data-id=\"fb3c1f8\" data-element_type=\"column\">\n\t\t\t<div class=\"elementor-widget-wrap elementor-element-populated\">\n\t\t\t\t\t\t\t\t<div class=\"elementor-element elementor-element-bd02ed4 elementor-widget elementor-widget-wpzoom-elementor-addons-image-box\" data-id=\"bd02ed4\" data-element_type=\"widget\" data-widget_type=\"wpzoom-elementor-addons-image-box.default\">\n\t\t\t\t<div class=\"elementor-widget-container\">\n\t\t\t\t\t<div class=\"wpzoom-elementor-addons-image-box\">\n\t\t\t<h3>\n\t\t\t\t<span class=\"wpzoom-elementor-addons-image-box-link not-linked has-image\" style=\"background-image:url('https:\/\/3potes1pot.com\/wp-content\/uploads\/2022\/08\/MG_5213-scaled.jpg');\"><span><strong>TILLEUL<\/strong><\/span><\/span>\t\t\t<\/h3>\n\t\t<\/div><!-- \/\/.wpzoom-elementor-addons-image-box -->\n\t\t\t\t<\/div>\n\t\t\t\t<\/div>\n\t\t\t\t\t<\/div>\n\t\t<\/div>\n\t\t\t\t<div class=\"elementor-column elementor-col-66 elementor-top-column elementor-element elementor-element-297a012\" data-id=\"297a012\" data-element_type=\"column\">\n\t\t\t<div class=\"elementor-widget-wrap elementor-element-populated\">\n\t\t\t\t\t\t\t\t<div class=\"elementor-element elementor-element-6ae087d elementor-widget elementor-widget-text-editor\" data-id=\"6ae087d\" data-element_type=\"widget\" data-widget_type=\"text-editor.default\">\n\t\t\t\t<div class=\"elementor-widget-container\">\n\t\t\t\t\t\t\t<p><span style=\"color: #000000; font-family: UICTFontTextStyleBody; font-size: 18.24px; font-weight: var( --e-global-typography-text-font-weight );\">Le miel de tilleul, c&#8217;est le miel qui te fait un c\u00e2lin de l&#8217;int\u00e9rieur. Avec son go\u00fbt doux et floral, il te transporte dans un champ de fleurs de tilleul en plein \u00e9t\u00e9. Et en plus, il est super utile pour calmer tes nerfs, te faire dormir comme un b\u00e9b\u00e9 et soulager ta gorge irrit\u00e9e. C&#8217;est un vrai super-h\u00e9ros de la ruche ! En plus, il est bourr\u00e9 d&#8217;antioxydants et d&#8217;enzymes qui font du bien \u00e0 ton corps. Si tu veux te sentir comme un roi ou une reine, le miel de tilleul est ton alli\u00e9.<\/span><\/p>\t\t\t\t\t\t<\/div>\n\t\t\t\t<\/div>\n\t\t\t\t\t<\/div>\n\t\t<\/div>\n\t\t\t\t\t\t\t<\/div>\n\t\t<\/section>\n\t\t\t\t<section class=\"elementor-section elementor-top-section elementor-element elementor-element-fb3d005 elementor-section-boxed elementor-section-height-default elementor-section-height-default\" data-id=\"fb3d005\" data-element_type=\"section\">\n\t\t\t\t\t\t<div class=\"elementor-container elementor-column-gap-default\">\n\t\t\t\t\t<div class=\"elementor-column elementor-col-66 elementor-top-column elementor-element elementor-element-7fa81bd\" data-id=\"7fa81bd\" data-element_type=\"column\">\n\t\t\t<div class=\"elementor-widget-wrap elementor-element-populated\">\n\t\t\t\t\t\t\t\t<div class=\"elementor-element elementor-element-50e8739 elementor-widget elementor-widget-text-editor\" data-id=\"50e8739\" data-element_type=\"widget\" data-widget_type=\"text-editor.default\">\n\t\t\t\t<div class=\"elementor-widget-container\">\n\t\t\t\t\t\t\t<h6><span style=\"color: #000000; font-family: UICTFontTextStyleBody; font-size: 18.24px; text-size-adjust: auto;\">Le miel de ch\u00e2taignier, c&#8217;est le bad boy des miels. Avec sa couleur sombre et sa texture cr\u00e9meuse, il a un go\u00fbt robuste et intense qui te fera frissonner de plaisir. Les abeilles qui butinent les fleurs de ch\u00e2taignier sont des rebelles, elles ne se contentent pas des fleurs faciles \u00e0 trouver. Elles vont chercher les fleurs les plus cach\u00e9es et les plus difficiles d&#8217;acc\u00e8s pour produire ce miel de caract\u00e8re. Si tu aimes les saveurs bois\u00e9es, caram\u00e9lis\u00e9es et un peu funky, le miel de ch\u00e2taignier est fait pour toi. C&#8217;est le miel parfait pour accompagner une soir\u00e9e de rock&#8217;n&#8217;roll, ou pour ajouter une touche de badassitude \u00e0 ton petit-d\u00e9jeuner. Et en plus, il a des propri\u00e9t\u00e9s m\u00e9dicinales qui te feront te sentir invincible. Alors, pr\u00eat \u00e0 relever le d\u00e9fi du miel de ch\u00e2taignier ?<\/span><\/h6>\t\t\t\t\t\t<\/div>\n\t\t\t\t<\/div>\n\t\t\t\t\t<\/div>\n\t\t<\/div>\n\t\t\t\t<div class=\"elementor-column elementor-col-33 elementor-top-column elementor-element elementor-element-39ae9f3\" data-id=\"39ae9f3\" data-element_type=\"column\">\n\t\t\t<div class=\"elementor-widget-wrap elementor-element-populated\">\n\t\t\t\t\t\t\t\t<div class=\"elementor-element elementor-element-4e43309 elementor-widget elementor-widget-wpzoom-elementor-addons-image-box\" data-id=\"4e43309\" data-element_type=\"widget\" data-widget_type=\"wpzoom-elementor-addons-image-box.default\">\n\t\t\t\t<div class=\"elementor-widget-container\">\n\t\t\t\t\t<div class=\"wpzoom-elementor-addons-image-box\">\n\t\t\t<h3>\n\t\t\t\t<span class=\"wpzoom-elementor-addons-image-box-link not-linked has-image\" style=\"background-image:url('https:\/\/3potes1pot.com\/wp-content\/uploads\/2023\/04\/MIELPOTE_Chataignier265.jpg');\"><span><strong>CHATAIGNIER<\/strong><\/span><\/span>\t\t\t<\/h3>\n\t\t<\/div><!-- \/\/.wpzoom-elementor-addons-image-box -->\n\t\t\t\t<\/div>\n\t\t\t\t<\/div>\n\t\t\t\t\t<\/div>\n\t\t<\/div>\n\t\t\t\t\t\t\t<\/div>\n\t\t<\/section>\n\t\t\t\t<section class=\"elementor-section elementor-top-section elementor-element elementor-element-d00429f elementor-section-boxed elementor-section-height-default elementor-section-height-default\" data-id=\"d00429f\" data-element_type=\"section\">\n\t\t\t\t\t\t<div class=\"elementor-container elementor-column-gap-default\">\n\t\t\t\t\t<div class=\"elementor-column elementor-col-33 elementor-top-column elementor-element elementor-element-4abe439\" data-id=\"4abe439\" data-element_type=\"column\">\n\t\t\t<div class=\"elementor-widget-wrap elementor-element-populated\">\n\t\t\t\t\t\t\t\t<div class=\"elementor-element elementor-element-88763ca elementor-widget elementor-widget-image\" data-id=\"88763ca\" data-element_type=\"widget\" data-widget_type=\"image.default\">\n\t\t\t\t<div class=\"elementor-widget-container\">\n\t\t\t<style>\/*! elementor - v3.7.2 - 21-08-2022 *\/\n.elementor-widget-image{text-align:center}.elementor-widget-image a{display:inline-block}.elementor-widget-image a img[src$=\".svg\"]{width:48px}.elementor-widget-image img{vertical-align:middle;display:inline-block}<\/style>\t\t\t\t\t\t\t\t\t\t\t\t<img loading=\"lazy\" decoding=\"async\" width=\"930\" height=\"620\" src=\"https:\/\/3potes1pot.com\/wp-content\/uploads\/2022\/08\/MG_5215-1024x683.jpg\" class=\"attachment-large size-large\" alt=\"\" srcset=\"https:\/\/3potes1pot.com\/wp-content\/uploads\/2022\/08\/MG_5215-1024x683.jpg 1024w, https:\/\/3potes1pot.com\/wp-content\/uploads\/2022\/08\/MG_5215-300x200.jpg 300w, https:\/\/3potes1pot.com\/wp-content\/uploads\/2022\/08\/MG_5215-768x512.jpg 768w, https:\/\/3potes1pot.com\/wp-content\/uploads\/2022\/08\/MG_5215-1536x1024.jpg 1536w, https:\/\/3potes1pot.com\/wp-content\/uploads\/2022\/08\/MG_5215-2048x1365.jpg 2048w, https:\/\/3potes1pot.com\/wp-content\/uploads\/2022\/08\/MG_5215-2000x1333.jpg 2000w\" sizes=\"auto, (max-width: 930px) 100vw, 930px\" \/>\t\t\t\t\t\t\t\t\t\t\t\t\t\t\t<\/div>\n\t\t\t\t<\/div>\n\t\t\t\t\t<\/div>\n\t\t<\/div>\n\t\t\t\t<div class=\"elementor-column elementor-col-66 elementor-top-column elementor-element elementor-element-bbb6a9f\" data-id=\"bbb6a9f\" data-element_type=\"column\">\n\t\t\t<div class=\"elementor-widget-wrap elementor-element-populated\">\n\t\t\t\t\t\t\t\t<div class=\"elementor-element elementor-element-3f20b5a elementor-widget elementor-widget-text-editor\" data-id=\"3f20b5a\" data-element_type=\"widget\" data-widget_type=\"text-editor.default\">\n\t\t\t\t<div class=\"elementor-widget-container\">\n\t\t\t\t\t\t\t<h6><span style=\"color: #000000; font-family: UICTFontTextStyleBody; font-size: 18.24px; font-weight: var( --e-global-typography-text-font-weight );\">Le miel de fleurs sauvages de Sologne, c&#8217;est le miel qui te transporte directement dans un conte de f\u00e9es. Avec son go\u00fbt doux et subtil, tu te sens comme si tu \u00e9tais dans une prairie enchant\u00e9e, entour\u00e9 de fleurs multicolores et de papillons magiques. Et en plus, il est super utile pour apaiser ton esprit, te d\u00e9tendre et te faire sentir comme si tu flottais sur un nuage de bonheur. C&#8217;est un vrai magicien de la ruche ! En plus, il est bourr\u00e9 de nutriments et de bienfaits pour ta sant\u00e9, ce qui en fait un v\u00e9ritable \u00e9lixir de vie. Si tu veux te sentir comme un personnage de conte de f\u00e9es, le miel de fleurs sauvages de Sologne est ton alli\u00e9.<\/span><\/h6>\t\t\t\t\t\t<\/div>\n\t\t\t\t<\/div>\n\t\t\t\t\t<\/div>\n\t\t<\/div>\n\t\t\t\t\t\t\t<\/div>\n\t\t<\/section>\n\t\t\t\t<section class=\"elementor-section elementor-top-section elementor-element elementor-element-5096a22 elementor-section-boxed elementor-section-height-default elementor-section-height-default\" data-id=\"5096a22\" data-element_type=\"section\">\n\t\t\t\t\t\t<div class=\"elementor-container elementor-column-gap-default\">\n\t\t\t\t\t<div class=\"elementor-column elementor-col-66 elementor-top-column elementor-element elementor-element-e2d3871\" data-id=\"e2d3871\" data-element_type=\"column\">\n\t\t\t<div class=\"elementor-widget-wrap elementor-element-populated\">\n\t\t\t\t\t\t\t\t<div class=\"elementor-element elementor-element-83c48ed elementor-widget elementor-widget-text-editor\" data-id=\"83c48ed\" data-element_type=\"widget\" data-widget_type=\"text-editor.default\">\n\t\t\t\t<div class=\"elementor-widget-container\">\n\t\t\t\t\t\t\t<h6><span style=\"color: #000000; font-family: UICTFontTextStyleBody; font-size: 18.24px; font-weight: var( --e-global-typography-text-font-weight );\">Le miel de ronce, c&#8217;est le miel qui te donne un coup de boost sauvage. Avec son go\u00fbt puissant et l\u00e9g\u00e8rement acidul\u00e9, il te fait sentir comme si tu venais de courir \u00e0 travers une for\u00eat de ronces. Et en plus, il est super utile pour renforcer ton syst\u00e8me immunitaire, combattre les infections et soulager les maux de gorge. C&#8217;est un vrai guerrier de la ruche ! En plus, il est bourr\u00e9 d&#8217;antioxydants et de vitamines qui te donnent de l&#8217;\u00e9nergie pour toute la journ\u00e9e. Si tu veux te sentir comme un aventurier ou une aventuri\u00e8re, mange le miel de ronce<\/span><\/h6>\t\t\t\t\t\t<\/div>\n\t\t\t\t<\/div>\n\t\t\t\t\t<\/div>\n\t\t<\/div>\n\t\t\t\t<div class=\"elementor-column elementor-col-33 elementor-top-column elementor-element elementor-element-64a1060\" data-id=\"64a1060\" data-element_type=\"column\">\n\t\t\t<div class=\"elementor-widget-wrap elementor-element-populated\">\n\t\t\t\t\t\t\t\t<div class=\"elementor-element elementor-element-42e5256 elementor-widget elementor-widget-image\" data-id=\"42e5256\" data-element_type=\"widget\" data-widget_type=\"image.default\">\n\t\t\t\t<div class=\"elementor-widget-container\">\n\t\t\t\t\t\t\t\t\t\t\t\t\t\t\t<img loading=\"lazy\" decoding=\"async\" width=\"930\" height=\"620\" src=\"https:\/\/3potes1pot.com\/wp-content\/uploads\/2023\/04\/MIELPOTE_Ronce265-1024x683.jpg\" class=\"attachment-large size-large\" alt=\"\" srcset=\"https:\/\/3potes1pot.com\/wp-content\/uploads\/2023\/04\/MIELPOTE_Ronce265-1024x683.jpg 1024w, https:\/\/3potes1pot.com\/wp-content\/uploads\/2023\/04\/MIELPOTE_Ronce265-300x200.jpg 300w, https:\/\/3potes1pot.com\/wp-content\/uploads\/2023\/04\/MIELPOTE_Ronce265-768x512.jpg 768w, https:\/\/3potes1pot.com\/wp-content\/uploads\/2023\/04\/MIELPOTE_Ronce265-1000x667.jpg 1000w, https:\/\/3potes1pot.com\/wp-content\/uploads\/2023\/04\/MIELPOTE_Ronce265-840x560.jpg 840w, https:\/\/3potes1pot.com\/wp-content\/uploads\/2023\/04\/MIELPOTE_Ronce265-600x400.jpg 600w, https:\/\/3potes1pot.com\/wp-content\/uploads\/2023\/04\/MIELPOTE_Ronce265.jpg 1086w\" sizes=\"auto, (max-width: 930px) 100vw, 930px\" \/>\t\t\t\t\t\t\t\t\t\t\t\t\t\t\t<\/div>\n\t\t\t\t<\/div>\n\t\t\t\t\t<\/div>\n\t\t<\/div>\n\t\t\t\t\t\t\t<\/div>\n\t\t<\/section>\n\t\t\t\t<section class=\"elementor-section elementor-top-section elementor-element elementor-element-ea38646 elementor-section-boxed elementor-section-height-default elementor-section-height-default\" data-id=\"ea38646\" data-element_type=\"section\">\n\t\t\t\t\t\t<div class=\"elementor-container elementor-column-gap-default\">\n\t\t\t\t\t<div class=\"elementor-column elementor-col-33 elementor-top-column elementor-element elementor-element-3c5988a\" data-id=\"3c5988a\" data-element_type=\"column\">\n\t\t\t<div class=\"elementor-widget-wrap elementor-element-populated\">\n\t\t\t\t\t\t\t\t<div class=\"elementor-element elementor-element-9b8189e elementor-widget elementor-widget-image\" data-id=\"9b8189e\" data-element_type=\"widget\" data-widget_type=\"image.default\">\n\t\t\t\t<div class=\"elementor-widget-container\">\n\t\t\t\t\t\t\t\t\t\t\t\t\t\t\t<img loading=\"lazy\" decoding=\"async\" width=\"930\" height=\"620\" src=\"https:\/\/3potes1pot.com\/wp-content\/uploads\/2022\/08\/MG_5227-1024x683.jpg\" class=\"attachment-large size-large\" alt=\"\" srcset=\"https:\/\/3potes1pot.com\/wp-content\/uploads\/2022\/08\/MG_5227-1024x683.jpg 1024w, https:\/\/3potes1pot.com\/wp-content\/uploads\/2022\/08\/MG_5227-300x200.jpg 300w, https:\/\/3potes1pot.com\/wp-content\/uploads\/2022\/08\/MG_5227-768x512.jpg 768w, https:\/\/3potes1pot.com\/wp-content\/uploads\/2022\/08\/MG_5227-1536x1024.jpg 1536w, https:\/\/3potes1pot.com\/wp-content\/uploads\/2022\/08\/MG_5227-2048x1365.jpg 2048w, https:\/\/3potes1pot.com\/wp-content\/uploads\/2022\/08\/MG_5227-2000x1333.jpg 2000w\" sizes=\"auto, (max-width: 930px) 100vw, 930px\" \/>\t\t\t\t\t\t\t\t\t\t\t\t\t\t\t<\/div>\n\t\t\t\t<\/div>\n\t\t\t\t\t<\/div>\n\t\t<\/div>\n\t\t\t\t<div class=\"elementor-column elementor-col-66 elementor-top-column elementor-element elementor-element-c5dadec\" data-id=\"c5dadec\" data-element_type=\"column\">\n\t\t\t<div class=\"elementor-widget-wrap elementor-element-populated\">\n\t\t\t\t\t\t\t\t<div class=\"elementor-element elementor-element-d83b990 elementor-widget elementor-widget-text-editor\" data-id=\"d83b990\" data-element_type=\"widget\" data-widget_type=\"text-editor.default\">\n\t\t\t\t<div class=\"elementor-widget-container\">\n\t\t\t\t\t\t\t<h6><span style=\"color: #000000; font-family: UICTFontTextStyleBody; font-size: 18.24px; font-weight: var( --e-global-typography-text-font-weight );\">Le miel de lavande : C&#8217;est le miel de la relaxation, le miel qui te transporte directement dans un champ de lavande en Provence. Avec sa couleur claire et sa texture cr\u00e9meuse, il a un go\u00fbt floral et subtil. Les abeilles qui butinent les fleurs de lavande sont des artistes, elles savent comment cr\u00e9er un miel qui te fait voyager. Si tu cherches un miel pour t&#8217;accompagner lors de tes moments de d\u00e9tente, le miel de lavande est fait pour toi. Il est parfait pour sucrer tes th\u00e9s, tes yaourts ou m\u00eame tes desserts. Et en plus, il a des propri\u00e9t\u00e9s relaxantes qui te feront te sentir zen<\/span><\/h6>\t\t\t\t\t\t<\/div>\n\t\t\t\t<\/div>\n\t\t\t\t\t<\/div>\n\t\t<\/div>\n\t\t\t\t\t\t\t<\/div>\n\t\t<\/section>\n\t\t\t\t<section class=\"elementor-section elementor-top-section elementor-element elementor-element-7f9275f elementor-section-boxed elementor-section-height-default elementor-section-height-default\" data-id=\"7f9275f\" data-element_type=\"section\">\n\t\t\t\t\t\t<div class=\"elementor-container elementor-column-gap-default\">\n\t\t\t\t\t<div class=\"elementor-column elementor-col-66 elementor-top-column elementor-element elementor-element-93b8fe6\" data-id=\"93b8fe6\" data-element_type=\"column\">\n\t\t\t<div class=\"elementor-widget-wrap elementor-element-populated\">\n\t\t\t\t\t\t\t\t<div class=\"elementor-element elementor-element-965c372 elementor-widget elementor-widget-text-editor\" data-id=\"965c372\" data-element_type=\"widget\" data-widget_type=\"text-editor.default\">\n\t\t\t\t<div class=\"elementor-widget-container\">\n\t\t\t\t\t\t\t<h6><span style=\"color: #000000; font-family: UICTFontTextStyleBody; font-size: 18.24px; font-weight: var( --e-global-typography-text-font-weight );\">Le miel de sarrasin, c&#8217;est comme un coup de pied dans les papilles gustatives ! Si vous cherchez un miel fort en go\u00fbt, qui vous r\u00e9veillera les sens et vous donnera un coup de boost, c&#8217;est celui-l\u00e0 qu&#8217;il vous faut. Ce miel a une saveur robuste et cors\u00e9e, un peu comme un caf\u00e9 fort ou un whisky bien m\u00fbr. C&#8217;est le miel parfait pour les aventuriers culinaires qui aiment explorer de nouveaux go\u00fbts et sensations. Vous pouvez l&#8217;utiliser pour donner une touche de caract\u00e8re \u00e0 vos plats, ou simplement le d\u00e9guster \u00e0 la cuill\u00e8re pour un effet \u00e9nergisant imm\u00e9diat. En bonus, le miel de sarrasin a des propri\u00e9t\u00e9s antioxydantes et anti-inflammatoires, alors vous pouvez vous sentir bien en le mangeant ! Alors, si vous \u00eates pr\u00eat \u00e0 relever le d\u00e9fi du miel de sarrasin, allez-y, faites-vous plaisir !<\/span><\/h6>\t\t\t\t\t\t<\/div>\n\t\t\t\t<\/div>\n\t\t\t\t\t<\/div>\n\t\t<\/div>\n\t\t\t\t<div class=\"elementor-column elementor-col-33 elementor-top-column elementor-element elementor-element-1a03974\" data-id=\"1a03974\" data-element_type=\"column\">\n\t\t\t<div class=\"elementor-widget-wrap elementor-element-populated\">\n\t\t\t\t\t\t\t\t<div class=\"elementor-element elementor-element-0bc85c5 elementor-widget elementor-widget-image\" data-id=\"0bc85c5\" data-element_type=\"widget\" data-widget_type=\"image.default\">\n\t\t\t\t<div class=\"elementor-widget-container\">\n\t\t\t\t\t\t\t\t\t\t\t\t\t\t\t<img loading=\"lazy\" decoding=\"async\" width=\"930\" height=\"620\" src=\"https:\/\/3potes1pot.com\/wp-content\/uploads\/2023\/04\/MIELPOTE_Sarrasin265-1-1024x683.jpg\" class=\"attachment-large size-large\" alt=\"\" srcset=\"https:\/\/3potes1pot.com\/wp-content\/uploads\/2023\/04\/MIELPOTE_Sarrasin265-1-1024x683.jpg 1024w, https:\/\/3potes1pot.com\/wp-content\/uploads\/2023\/04\/MIELPOTE_Sarrasin265-1-300x200.jpg 300w, https:\/\/3potes1pot.com\/wp-content\/uploads\/2023\/04\/MIELPOTE_Sarrasin265-1-768x512.jpg 768w, https:\/\/3potes1pot.com\/wp-content\/uploads\/2023\/04\/MIELPOTE_Sarrasin265-1-1000x667.jpg 1000w, https:\/\/3potes1pot.com\/wp-content\/uploads\/2023\/04\/MIELPOTE_Sarrasin265-1-840x560.jpg 840w, https:\/\/3potes1pot.com\/wp-content\/uploads\/2023\/04\/MIELPOTE_Sarrasin265-1-600x400.jpg 600w, https:\/\/3potes1pot.com\/wp-content\/uploads\/2023\/04\/MIELPOTE_Sarrasin265-1.jpg 1086w\" sizes=\"auto, (max-width: 930px) 100vw, 930px\" \/>\t\t\t\t\t\t\t\t\t\t\t\t\t\t\t<\/div>\n\t\t\t\t<\/div>\n\t\t\t\t\t<\/div>\n\t\t<\/div>\n\t\t\t\t\t\t\t<\/div>\n\t\t<\/section>\n\t\t\t\t\t\t\t<\/div>\n\t\t","protected":false},"excerpt":{"rendered":"<p>Le miel d&#8217;acacia : C&#8217;est le miel des amoureux, le miel qui te fait voir la vie en rose. Avec sa couleur claire et sa texture liquide, il est doux et d\u00e9licat. Les abeilles qui butinent les fleurs d&#8217;acacia sont des romantiques, elles savent comment trouver les fleurs les plus [&hellip;]<\/p>\n","protected":false},"author":1,"featured_media":0,"parent":0,"menu_order":0,"comment_status":"closed","ping_status":"closed","template":"","meta":{"footnotes":""},"class_list":["post-138","page","type-page","status-publish","hentry"],"featured_media_urls":[],"_links":{"self":[{"href":"https:\/\/3potes1pot.com\/index.php\/wp-json\/wp\/v2\/pages\/138","targetHints":{"allow":["GET"]}}],"collection":[{"href":"https:\/\/3potes1pot.com\/index.php\/wp-json\/wp\/v2\/pages"}],"about":[{"href":"https:\/\/3potes1pot.com\/index.php\/wp-json\/wp\/v2\/types\/page"}],"author":[{"embeddable":true,"href":"https:\/\/3potes1pot.com\/index.php\/wp-json\/wp\/v2\/users\/1"}],"replies":[{"embeddable":true,"href":"https:\/\/3potes1pot.com\/index.php\/wp-json\/wp\/v2\/comments?post=138"}],"version-history":[{"count":22,"href":"https:\/\/3potes1pot.com\/index.php\/wp-json\/wp\/v2\/pages\/138\/revisions"}],"predecessor-version":[{"id":178,"href":"https:\/\/3potes1pot.com\/index.php\/wp-json\/wp\/v2\/pages\/138\/revisions\/178"}],"wp:attachment":[{"href":"https:\/\/3potes1pot.com\/index.php\/wp-json\/wp\/v2\/media?parent=138"}],"curies":[{"name":"wp","href":"https:\/\/api.w.org\/{rel}","templated":true}]}}