{"id":6,"date":"2022-08-21T23:37:18","date_gmt":"2022-08-21T21:37:18","guid":{"rendered":"http:\/\/3potes1pot.com\/?page_id=6"},"modified":"2023-04-14T15:19:58","modified_gmt":"2023-04-14T13:19:58","slug":"3-potes-1-pot-cest-quoi-cest-qui","status":"publish","type":"page","link":"https:\/\/3potes1pot.com\/","title":{"rendered":"3 potes &#038; 1 Pot c&#8217;est quoi ? C&#8217;est qui ?"},"content":{"rendered":"\n<p class=\"has-text-align-center\"><meta charset=\"utf-8\">C&#8217;est 3 potes, 3 apiculteurs, hyper sympa, surtout un plus que les deux autres, un plus vieux hyper fort, qui connait tout sur les abeilles, puis un troisi\u00e8me le Rambo de l&#8217;apiculture&#8230;<\/p>\n\n\n\n<p class=\"has-light-green-cyan-background-color has-background\">Colluche dirait, c&#8217;est l&#8217;histoire de 3 mecs qui bossent comme des dingues pour le plaisir des autres, les cons !<\/p>\n\n\n\n<div style=\"height:55px\" aria-hidden=\"true\" class=\"wp-block-spacer\"><\/div>\n\n\n\n<div class=\"wp-block-group alignfull has-pale-pink-background-color has-background\"><div class=\"wp-block-group__inner-container is-layout-flow wp-block-group-is-layout-flow\">\n<div class=\"wp-block-columns is-layout-flex wp-container-core-columns-is-layout-9d6595d7 wp-block-columns-is-layout-flex\">\n<div class=\"wp-block-column is-vertically-aligned-center is-layout-flow wp-block-column-is-layout-flow\">\n<h2 class=\"wp-block-heading has-white-color has-text-color has-large-font-size\" style=\"font-style:normal;font-weight:100\">Nous&#8230;<\/h2>\n\n\n\n<p>Une histoire banale qui d\u00e9bute dans une chambre d&#8217;internat, puis en vacances, puis au boulot, puis toute la vie !!!! Une histoire d&#8217;amiti\u00e9 simple, mais robuste, \u00e9tanche aux soucis des saisons compliqu\u00e9es, une alliance forte qui permet de tenir&#8230;<\/p>\n\n\n\n<p>l&#8217;entraide commence en 2015 pour se concr\u00e9tiser en 2022, avec 3potes &amp; 1 pot, l&#8217;envie de proposer une large gamme de miel. <\/p>\n\n\n\n<div class=\"wp-block-buttons is-horizontal is-content-justification-left is-layout-flex wp-container-core-buttons-is-layout-7e5fce0a wp-block-buttons-is-layout-flex\">\n<div class=\"wp-block-button is-style-outline is-style-outline--1\"><a class=\"wp-block-button__link has-light-green-cyan-background-color has-background wp-element-button\" href=\"\/\/3potes1pot.com\/index.php\/contact\/(ouvre un nouvel onglet)\">c&#8217;est qui ?<\/a><\/div>\n<\/div>\n<\/div>\n\n\n\n<div class=\"wp-block-column is-layout-flow wp-block-column-is-layout-flow\">\n<div style=\"height:48px\" aria-hidden=\"true\" class=\"wp-block-spacer\"><\/div>\n\n\n\n<figure class=\"wp-block-gallery has-nested-images columns-default is-cropped wp-block-gallery-2 is-layout-flex wp-block-gallery-is-layout-flex\">\n<figure class=\"wp-block-image size-large\"><img loading=\"lazy\" decoding=\"async\" width=\"1024\" height=\"549\" data-id=\"18\" src=\"http:\/\/3potes1pot.com\/wp-content\/uploads\/2022\/08\/cropped-MG_5213-scaled-1-1024x549.jpg\" alt=\"\" class=\"wp-image-18\" srcset=\"https:\/\/3potes1pot.com\/wp-content\/uploads\/2022\/08\/cropped-MG_5213-scaled-1-1024x549.jpg 1024w, https:\/\/3potes1pot.com\/wp-content\/uploads\/2022\/08\/cropped-MG_5213-scaled-1-300x161.jpg 300w, https:\/\/3potes1pot.com\/wp-content\/uploads\/2022\/08\/cropped-MG_5213-scaled-1-768x412.jpg 768w, https:\/\/3potes1pot.com\/wp-content\/uploads\/2022\/08\/cropped-MG_5213-scaled-1-1536x823.jpg 1536w, https:\/\/3potes1pot.com\/wp-content\/uploads\/2022\/08\/cropped-MG_5213-scaled-1.jpg 2000w\" sizes=\"auto, (max-width: 1024px) 100vw, 1024px\" \/><\/figure>\n<\/figure>\n<\/div>\n<\/div>\n<\/div><\/div>\n\n\n\n<div class=\"wp-block-group alignfull has-luminous-vivid-amber-background-color has-background\"><div class=\"wp-block-group__inner-container is-layout-flow wp-block-group-is-layout-flow\">\n<div class=\"wp-block-columns are-vertically-aligned-top is-layout-flex wp-container-core-columns-is-layout-9d6595d7 wp-block-columns-is-layout-flex\">\n<div class=\"wp-block-column is-vertically-aligned-top is-layout-flow wp-block-column-is-layout-flow\"><div class=\"wp-block-image\">\n<figure class=\"alignright size-large is-resized\"><img loading=\"lazy\" decoding=\"async\" src=\"http:\/\/3potes1pot.com\/wp-content\/uploads\/2022\/08\/MG_5215-1024x683.jpg\" alt=\"\" class=\"wp-image-14\" width=\"410\" height=\"273\" srcset=\"https:\/\/3potes1pot.com\/wp-content\/uploads\/2022\/08\/MG_5215-1024x683.jpg 1024w, https:\/\/3potes1pot.com\/wp-content\/uploads\/2022\/08\/MG_5215-300x200.jpg 300w, https:\/\/3potes1pot.com\/wp-content\/uploads\/2022\/08\/MG_5215-768x512.jpg 768w, https:\/\/3potes1pot.com\/wp-content\/uploads\/2022\/08\/MG_5215-1536x1024.jpg 1536w, https:\/\/3potes1pot.com\/wp-content\/uploads\/2022\/08\/MG_5215-2048x1365.jpg 2048w, https:\/\/3potes1pot.com\/wp-content\/uploads\/2022\/08\/MG_5215-2000x1333.jpg 2000w\" sizes=\"auto, (max-width: 410px) 100vw, 410px\" \/><\/figure>\n<\/div><\/div>\n\n\n\n<div class=\"wp-block-column is-vertically-aligned-top is-layout-flow wp-block-column-is-layout-flow\">\n<h2 class=\"wp-block-heading has-white-color has-text-color has-large-font-size\" style=\"font-style:normal;font-weight:100\">Ce que nous faisons ?<\/h2>\n\n\n\n<p>Nous veillons au bien \u00eatre des abeilles, leur apportons le maximum de confort, leur assurant des r\u00e9serves de nourriture cons\u00e9quentes, des ressources abondantes en nectar, pollens, eau&#8230;               Ensuite, si tout est r\u00e9ussie, nous pouvons pr\u00e9lever une partie de leur travail, le miel.    Il est extrait dans les meilleurs conditions, \u00e0 froid, sans filtration et mis en pots par nos soins<\/p>\n\n\n\n<div class=\"wp-block-buttons is-layout-flex wp-block-buttons-is-layout-flex\">\n<div class=\"wp-block-button has-custom-width wp-block-button__width-50 has-custom-font-size is-style-outline has-small-font-size is-style-outline--3\"><a class=\"wp-block-button__link has-pale-pink-background-color has-background wp-element-button\" href=\"#\" target=\"_blank\" rel=\"page-d-exemple noopener\">nous trouver ???<\/a><\/div>\n<\/div>\n<\/div>\n<\/div>\n<\/div><\/div>\n\n\n\n<div class=\"wp-block-cover alignfull is-light has-parallax is-repeated is-position-center-center\" style=\"min-height:600px;aspect-ratio:unset;\"><span aria-hidden=\"true\" class=\"wp-block-cover__background has-vivid-green-cyan-background-color has-background-dim\"><\/span><div role=\"img\" class=\"wp-block-cover__image-background wp-image-133 has-parallax is-repeated\" style=\"background-position:30% 62%;background-image:url(http:\/\/3potes1pot.com\/wp-content\/uploads\/2023\/04\/removal.ai_tmp-64391e3f59b6b.png)\"><\/div><div class=\"wp-block-cover__inner-container is-layout-flow wp-block-cover-is-layout-flow\">\n<div class=\"wp-block-buttons is-horizontal is-content-justification-left is-layout-flex wp-container-core-buttons-is-layout-7e5fce0a wp-block-buttons-is-layout-flex\">\n<div class=\"wp-block-button has-custom-width wp-block-button__width-25 is-style-outline is-style-outline--4\"><a class=\"wp-block-button__link wp-element-button\" href=\"http:\/\/3potes1pot.com\/index.php\/les-miels\/\" target=\"_blank\" rel=\"noreferrer noopener\">LES MIELS<\/a><\/div>\n<\/div>\n<\/div><\/div>\n\n\n\n<div class=\"wp-block-group alignfull has-vivid-cyan-blue-background-color has-background\"><div class=\"wp-block-group__inner-container is-layout-flow wp-block-group-is-layout-flow\">\n<h2 class=\"wp-block-heading has-text-align-center has-white-color has-text-color\"><strong>En image<\/strong>s<\/h2>\n\n\n\n<figure class=\"wp-block-gallery aligncenter has-nested-images columns-1 is-cropped wp-block-gallery-5 is-layout-flex wp-block-gallery-is-layout-flex\">\n<figure class=\"wp-block-image size-large\"><img loading=\"lazy\" decoding=\"async\" width=\"1024\" height=\"683\" data-id=\"33\" src=\"http:\/\/3potes1pot.com\/wp-content\/uploads\/2022\/08\/MG_0325-1024x683.jpg\" alt=\"\" class=\"wp-image-33\" srcset=\"https:\/\/3potes1pot.com\/wp-content\/uploads\/2022\/08\/MG_0325-1024x683.jpg 1024w, https:\/\/3potes1pot.com\/wp-content\/uploads\/2022\/08\/MG_0325-300x200.jpg 300w, https:\/\/3potes1pot.com\/wp-content\/uploads\/2022\/08\/MG_0325-768x512.jpg 768w, https:\/\/3potes1pot.com\/wp-content\/uploads\/2022\/08\/MG_0325-1536x1024.jpg 1536w, https:\/\/3potes1pot.com\/wp-content\/uploads\/2022\/08\/MG_0325-2048x1365.jpg 2048w, https:\/\/3potes1pot.com\/wp-content\/uploads\/2022\/08\/MG_0325-2000x1333.jpg 2000w\" sizes=\"auto, (max-width: 1024px) 100vw, 1024px\" \/><\/figure>\n\n\n\n<figure class=\"wp-block-image size-large\"><img loading=\"lazy\" decoding=\"async\" width=\"1024\" height=\"768\" data-id=\"38\" src=\"http:\/\/3potes1pot.com\/wp-content\/uploads\/2022\/08\/IMG_7268-1024x768.jpg\" alt=\"\" class=\"wp-image-38\" srcset=\"https:\/\/3potes1pot.com\/wp-content\/uploads\/2022\/08\/IMG_7268-1024x768.jpg 1024w, https:\/\/3potes1pot.com\/wp-content\/uploads\/2022\/08\/IMG_7268-300x225.jpg 300w, https:\/\/3potes1pot.com\/wp-content\/uploads\/2022\/08\/IMG_7268-768x576.jpg 768w, https:\/\/3potes1pot.com\/wp-content\/uploads\/2022\/08\/IMG_7268-1536x1152.jpg 1536w, https:\/\/3potes1pot.com\/wp-content\/uploads\/2022\/08\/IMG_7268-2048x1536.jpg 2048w, https:\/\/3potes1pot.com\/wp-content\/uploads\/2022\/08\/IMG_7268-2000x1500.jpg 2000w\" sizes=\"auto, (max-width: 1024px) 100vw, 1024px\" \/><\/figure>\n\n\n\n<figure class=\"wp-block-image size-large\"><img loading=\"lazy\" decoding=\"async\" width=\"1024\" height=\"1024\" data-id=\"36\" src=\"http:\/\/3potes1pot.com\/wp-content\/uploads\/2022\/08\/IMG_0846-1024x1024.jpg\" alt=\"\" class=\"wp-image-36\" srcset=\"https:\/\/3potes1pot.com\/wp-content\/uploads\/2022\/08\/IMG_0846-1024x1024.jpg 1024w, https:\/\/3potes1pot.com\/wp-content\/uploads\/2022\/08\/IMG_0846-300x300.jpg 300w, https:\/\/3potes1pot.com\/wp-content\/uploads\/2022\/08\/IMG_0846-150x150.jpg 150w, https:\/\/3potes1pot.com\/wp-content\/uploads\/2022\/08\/IMG_0846-768x768.jpg 768w, https:\/\/3potes1pot.com\/wp-content\/uploads\/2022\/08\/IMG_0846.jpg 1500w\" sizes=\"auto, (max-width: 1024px) 100vw, 1024px\" \/><\/figure>\n\n\n\n<figure class=\"wp-block-image size-large\"><img loading=\"lazy\" decoding=\"async\" width=\"1024\" height=\"683\" data-id=\"17\" src=\"http:\/\/3potes1pot.com\/wp-content\/uploads\/2022\/08\/MG_5248-1024x683.jpg\" alt=\"\" class=\"wp-image-17\" srcset=\"https:\/\/3potes1pot.com\/wp-content\/uploads\/2022\/08\/MG_5248-1024x683.jpg 1024w, https:\/\/3potes1pot.com\/wp-content\/uploads\/2022\/08\/MG_5248-300x200.jpg 300w, https:\/\/3potes1pot.com\/wp-content\/uploads\/2022\/08\/MG_5248-768x512.jpg 768w, https:\/\/3potes1pot.com\/wp-content\/uploads\/2022\/08\/MG_5248-1536x1024.jpg 1536w, https:\/\/3potes1pot.com\/wp-content\/uploads\/2022\/08\/MG_5248-2048x1365.jpg 2048w, https:\/\/3potes1pot.com\/wp-content\/uploads\/2022\/08\/MG_5248-2000x1333.jpg 2000w\" sizes=\"auto, (max-width: 1024px) 100vw, 1024px\" \/><\/figure>\n\n\n\n<figure class=\"wp-block-image size-large\"><img loading=\"lazy\" decoding=\"async\" width=\"1024\" height=\"683\" data-id=\"15\" src=\"http:\/\/3potes1pot.com\/wp-content\/uploads\/2022\/08\/MG_5213-1024x683.jpg\" alt=\"\" class=\"wp-image-15\" srcset=\"https:\/\/3potes1pot.com\/wp-content\/uploads\/2022\/08\/MG_5213-1024x683.jpg 1024w, https:\/\/3potes1pot.com\/wp-content\/uploads\/2022\/08\/MG_5213-300x200.jpg 300w, https:\/\/3potes1pot.com\/wp-content\/uploads\/2022\/08\/MG_5213-768x512.jpg 768w, https:\/\/3potes1pot.com\/wp-content\/uploads\/2022\/08\/MG_5213-1536x1024.jpg 1536w, https:\/\/3potes1pot.com\/wp-content\/uploads\/2022\/08\/MG_5213-2048x1365.jpg 2048w, https:\/\/3potes1pot.com\/wp-content\/uploads\/2022\/08\/MG_5213-2000x1333.jpg 2000w\" sizes=\"auto, (max-width: 1024px) 100vw, 1024px\" \/><\/figure>\n\n\n\n<figure class=\"wp-block-image size-large\"><img loading=\"lazy\" decoding=\"async\" width=\"1024\" height=\"683\" data-id=\"14\" src=\"http:\/\/3potes1pot.com\/wp-content\/uploads\/2022\/08\/MG_5215-1024x683.jpg\" alt=\"\" class=\"wp-image-14\" srcset=\"https:\/\/3potes1pot.com\/wp-content\/uploads\/2022\/08\/MG_5215-1024x683.jpg 1024w, https:\/\/3potes1pot.com\/wp-content\/uploads\/2022\/08\/MG_5215-300x200.jpg 300w, https:\/\/3potes1pot.com\/wp-content\/uploads\/2022\/08\/MG_5215-768x512.jpg 768w, https:\/\/3potes1pot.com\/wp-content\/uploads\/2022\/08\/MG_5215-1536x1024.jpg 1536w, https:\/\/3potes1pot.com\/wp-content\/uploads\/2022\/08\/MG_5215-2048x1365.jpg 2048w, https:\/\/3potes1pot.com\/wp-content\/uploads\/2022\/08\/MG_5215-2000x1333.jpg 2000w\" sizes=\"auto, (max-width: 1024px) 100vw, 1024px\" \/><\/figure>\n<\/figure>\n<\/div><\/div>\n","protected":false},"excerpt":{"rendered":"<p>C&#8217;est 3 potes, 3 apiculteurs, hyper sympa, surtout un plus que les deux autres, un plus vieux hyper fort, qui connait tout sur les abeilles, puis un troisi\u00e8me le Rambo de l&#8217;apiculture&#8230; Colluche dirait, c&#8217;est l&#8217;histoire de 3 mecs qui bossent comme des dingues pour le plaisir des autres, les [&hellip;]<\/p>\n","protected":false},"author":1,"featured_media":20,"parent":0,"menu_order":0,"comment_status":"closed","ping_status":"closed","template":"","meta":{"footnotes":""},"class_list":["post-6","page","type-page","status-publish","has-post-thumbnail","hentry"],"featured_media_urls":{"thumbnail":["https:\/\/3potes1pot.com\/wp-content\/uploads\/2022\/08\/cropped-IMG_0849-150x150.jpg",150,150,true],"medium":["https:\/\/3potes1pot.com\/wp-content\/uploads\/2022\/08\/cropped-IMG_0849-300x176.jpg",300,176,true],"medium_large":["https:\/\/3potes1pot.com\/wp-content\/uploads\/2022\/08\/cropped-IMG_0849-768x450.jpg",768,450,true],"large":["https:\/\/3potes1pot.com\/wp-content\/uploads\/2022\/08\/cropped-IMG_0849-1024x601.jpg",930,546,true],"1536x1536":["https:\/\/3potes1pot.com\/wp-content\/uploads\/2022\/08\/cropped-IMG_0849-1536x901.jpg",1536,901,true],"2048x2048":["https:\/\/3potes1pot.com\/wp-content\/uploads\/2022\/08\/cropped-IMG_0849.jpg",2000,1173,false],"featured":["https:\/\/3potes1pot.com\/wp-content\/uploads\/2022\/08\/cropped-IMG_0849.jpg",2000,1173,false],"featured@2x":["https:\/\/3potes1pot.com\/wp-content\/uploads\/2022\/08\/cropped-IMG_0849.jpg",2000,1173,false],"featured-small":["https:\/\/3potes1pot.com\/wp-content\/uploads\/2022\/08\/cropped-IMG_0849.jpg",1000,587,false],"recent-thumbnail":["https:\/\/3potes1pot.com\/wp-content\/uploads\/2022\/08\/cropped-IMG_0849.jpg",327,192,false],"recent-thumbnail-retina":["https:\/\/3potes1pot.com\/wp-content\/uploads\/2022\/08\/cropped-IMG_0849.jpg",655,384,false],"woo-featured":["https:\/\/3potes1pot.com\/wp-content\/uploads\/2022\/08\/cropped-IMG_0849.jpg",280,164,false],"entry-cover":["https:\/\/3potes1pot.com\/wp-content\/uploads\/2022\/08\/cropped-IMG_0849.jpg",1800,1056,false],"entry-cover@2x":["https:\/\/3potes1pot.com\/wp-content\/uploads\/2022\/08\/cropped-IMG_0849.jpg",2000,1173,false],"loop":["https:\/\/3potes1pot.com\/wp-content\/uploads\/2022\/08\/cropped-IMG_0849.jpg",546,320,false],"portfolio-scroller-widget":["https:\/\/3potes1pot.com\/wp-content\/uploads\/2022\/08\/cropped-IMG_0849.jpg",955,560,false],"portfolio_item-thumbnail":["https:\/\/3potes1pot.com\/wp-content\/uploads\/2022\/08\/cropped-IMG_0849.jpg",600,352,false],"portfolio_item-masonry":["https:\/\/3potes1pot.com\/wp-content\/uploads\/2022\/08\/cropped-IMG_0849.jpg",600,352,false],"portfolio_item-thumbnail_wide":["https:\/\/3potes1pot.com\/wp-content\/uploads\/2022\/08\/cropped-IMG_0849.jpg",1023,600,false],"portfolio_item-thumbnail_wide_cinema":["https:\/\/3potes1pot.com\/wp-content\/uploads\/2022\/08\/cropped-IMG_0849.jpg",1279,750,false],"portfolio_item-thumbnail_cinema":["https:\/\/3potes1pot.com\/wp-content\/uploads\/2022\/08\/cropped-IMG_0849.jpg",571,335,false],"portfolio_item-thumbnail_portrait":["https:\/\/3potes1pot.com\/wp-content\/uploads\/2022\/08\/cropped-IMG_0849.jpg",600,352,false],"portfolio_item-thumbnail_square":["https:\/\/3potes1pot.com\/wp-content\/uploads\/2022\/08\/cropped-IMG_0849.jpg",800,469,false]},"_links":{"self":[{"href":"https:\/\/3potes1pot.com\/index.php\/wp-json\/wp\/v2\/pages\/6","targetHints":{"allow":["GET"]}}],"collection":[{"href":"https:\/\/3potes1pot.com\/index.php\/wp-json\/wp\/v2\/pages"}],"about":[{"href":"https:\/\/3potes1pot.com\/index.php\/wp-json\/wp\/v2\/types\/page"}],"author":[{"embeddable":true,"href":"https:\/\/3potes1pot.com\/index.php\/wp-json\/wp\/v2\/users\/1"}],"replies":[{"embeddable":true,"href":"https:\/\/3potes1pot.com\/index.php\/wp-json\/wp\/v2\/comments?post=6"}],"version-history":[{"count":29,"href":"https:\/\/3potes1pot.com\/index.php\/wp-json\/wp\/v2\/pages\/6\/revisions"}],"predecessor-version":[{"id":179,"href":"https:\/\/3potes1pot.com\/index.php\/wp-json\/wp\/v2\/pages\/6\/revisions\/179"}],"wp:featuredmedia":[{"embeddable":true,"href":"https:\/\/3potes1pot.com\/index.php\/wp-json\/wp\/v2\/media\/20"}],"wp:attachment":[{"href":"https:\/\/3potes1pot.com\/index.php\/wp-json\/wp\/v2\/media?parent=6"}],"curies":[{"name":"wp","href":"https:\/\/api.w.org\/{rel}","templated":true}]}}